{"id":452,"date":"2023-11-15T19:58:39","date_gmt":"2023-11-15T22:58:39","guid":{"rendered":"https:\/\/carolinarivero.com\/?post_type=product&#038;p=452"},"modified":"2025-11-29T23:02:28","modified_gmt":"2025-11-30T02:02:28","slug":"bandolera-katia-negra","status":"publish","type":"product","link":"https:\/\/carolinarivero.com\/index.php\/producto\/bandolera-katia-negra\/","title":{"rendered":"Bandolera Katia"},"content":{"rendered":"<p>Esta Bandolera esta fabricada de 100% cuero, forrada por dentro, con bolsillos por dentro y fuera.-<\/p>\n<p><strong>COMBINACI\u00d3N<\/strong>: En esta combinaci\u00f3n de bandolera como vemos en la imagen predomina el negro pero tiene una combinaci\u00f3n de colores NEGROS que hacen que el articulo resalte, los cuales son el negro charol y negro croco<\/p>\n<p>Medidas aproximadas 25 x 18 x 6<\/p>\n<p>Puedes realizar el pago de la siguiente forma\u00a0<strong>DEBITO,\u00a0CREDITO,\u00a0transferencia bancaria, MERCADO PAGOS\u00a0<\/strong>o en cualquier\u00a0<strong>red de cobranza<\/strong>\u00a0(Abitab \u2013 Red Pagos).<\/p>\n<p>Una vez ya hecho el pago, nos contactaremos a tu WhatsApp en las pr\u00f3ximas horas y te realizaremos el\u00a0<strong>ENVIO<\/strong>\u00a0dentro de las 24-48 horas luego de dicha compra, el cual dicho envi\u00f3, tiene un costo, ser\u00e1 enviado por\u00a0<b>CORREO URUGUAYO (En caso de que tu lo quieras as\u00ed)<\/b><\/p>\n","protected":false},"excerpt":{"rendered":"<p>Esta Bandolera esta fabricada de 100% cuero, forrada por dentro, con bolsillos por dentro y fuera.- COMBINACI\u00d3N: En esta combinaci\u00f3n de bandolera como vemos en la imagen predomina el negro pero tiene una combinaci\u00f3n de colores NEGROS que hacen que el articulo resalte, los cuales son el negro charol y negro croco Medidas aproximadas 25 [&hellip;]<\/p>\n","protected":false},"featured_media":1323,"template":"","meta":{"site-sidebar-layout":"default","site-content-layout":"","ast-site-content-layout":"default","site-content-style":"default","site-sidebar-style":"default","ast-global-header-display":"","ast-banner-title-visibility":"","ast-main-header-display":"","ast-hfb-above-header-display":"","ast-hfb-below-header-display":"","ast-hfb-mobile-header-display":"","site-post-title":"","ast-breadcrumbs-content":"","ast-featured-img":"","footer-sml-layout":"","theme-transparent-header-meta":"default","adv-header-id-meta":"","stick-header-meta":"","header-above-stick-meta":"","header-main-stick-meta":"","header-below-stick-meta":"","astra-migrate-meta-layouts":"set","ast-page-background-enabled":"default","ast-page-background-meta":{"desktop":{"background-color":"var(--ast-global-color-4)","background-image":"","background-repeat":"repeat","background-position":"center center","background-size":"auto","background-attachment":"scroll","background-type":"","background-media":"","overlay-type":"","overlay-color":"","overlay-opacity":"","overlay-gradient":""},"tablet":{"background-color":"","background-image":"","background-repeat":"repeat","background-position":"center center","background-size":"auto","background-attachment":"scroll","background-type":"","background-media":"","overlay-type":"","overlay-color":"","overlay-opacity":"","overlay-gradient":""},"mobile":{"background-color":"","background-image":"","background-repeat":"repeat","background-position":"center center","background-size":"auto","background-attachment":"scroll","background-type":"","background-media":"","overlay-type":"","overlay-color":"","overlay-opacity":"","overlay-gradient":""}},"ast-content-background-meta":{"desktop":{"background-color":"var(--ast-global-color-5)","background-image":"","background-repeat":"repeat","background-position":"center center","background-size":"auto","background-attachment":"scroll","background-type":"","background-media":"","overlay-type":"","overlay-color":"","overlay-opacity":"","overlay-gradient":""},"tablet":{"background-color":"var(--ast-global-color-5)","background-image":"","background-repeat":"repeat","background-position":"center center","background-size":"auto","background-attachment":"scroll","background-type":"","background-media":"","overlay-type":"","overlay-color":"","overlay-opacity":"","overlay-gradient":""},"mobile":{"background-color":"var(--ast-global-color-5)","background-image":"","background-repeat":"repeat","background-position":"center center","background-size":"auto","background-attachment":"scroll","background-type":"","background-media":"","overlay-type":"","overlay-color":"","overlay-opacity":"","overlay-gradient":""}},"_joinchat":[]},"product_brand":[],"product_cat":[33,37],"product_tag":[36,34,35],"class_list":{"0":"post-452","1":"product","2":"type-product","3":"status-publish","4":"has-post-thumbnail","6":"product_cat-bandoleras","7":"product_cat-tienda","8":"product_tag-bando","9":"product_tag-bandolera","10":"product_tag-bandolera-de-cuero","11":"desktop-align-left","12":"tablet-align-left","13":"mobile-align-left","15":"first","16":"instock","17":"shipping-taxable","18":"purchasable","19":"product-type-simple"},"_links":{"self":[{"href":"https:\/\/carolinarivero.com\/index.php\/wp-json\/wp\/v2\/product\/452","targetHints":{"allow":["GET"]}}],"collection":[{"href":"https:\/\/carolinarivero.com\/index.php\/wp-json\/wp\/v2\/product"}],"about":[{"href":"https:\/\/carolinarivero.com\/index.php\/wp-json\/wp\/v2\/types\/product"}],"wp:featuredmedia":[{"embeddable":true,"href":"https:\/\/carolinarivero.com\/index.php\/wp-json\/wp\/v2\/media\/1323"}],"wp:attachment":[{"href":"https:\/\/carolinarivero.com\/index.php\/wp-json\/wp\/v2\/media?parent=452"}],"wp:term":[{"taxonomy":"product_brand","embeddable":true,"href":"https:\/\/carolinarivero.com\/index.php\/wp-json\/wp\/v2\/product_brand?post=452"},{"taxonomy":"product_cat","embeddable":true,"href":"https:\/\/carolinarivero.com\/index.php\/wp-json\/wp\/v2\/product_cat?post=452"},{"taxonomy":"product_tag","embeddable":true,"href":"https:\/\/carolinarivero.com\/index.php\/wp-json\/wp\/v2\/product_tag?post=452"}],"curies":[{"name":"wp","href":"https:\/\/api.w.org\/{rel}","templated":true}]}}